{"id":216,"date":"2022-06-14T14:13:23","date_gmt":"2022-06-14T14:13:23","guid":{"rendered":"https:\/\/toty.fr\/durlacher\/?page_id=216"},"modified":"2022-06-16T09:15:27","modified_gmt":"2022-06-16T09:15:27","slug":"le-cabinet-de-chirurgie-esthetique","status":"publish","type":"page","link":"https:\/\/chirurgie-esthetique-nice.eu\/index.php\/le-cabinet-de-chirurgie-esthetique\/","title":{"rendered":"Le Cabinet de Chirurgie Esth\u00e9tique"},"content":{"rendered":"\t\t<div data-elementor-type=\"wp-page\" data-elementor-id=\"216\" class=\"elementor elementor-216\">\n\t\t\t\t\t\t\t\t\t<section class=\"elementor-section elementor-top-section elementor-element elementor-element-f2a6299 elementor-section-boxed elementor-section-height-default elementor-section-height-default\" data-id=\"f2a6299\" data-element_type=\"section\" data-settings=\"{&quot;background_background&quot;:&quot;classic&quot;}\">\n\t\t\t\t\t\t\t<div class=\"elementor-background-overlay\"><\/div>\n\t\t\t\t\t\t\t<div class=\"elementor-container elementor-column-gap-default\">\n\t\t\t\t\t<div class=\"elementor-column elementor-col-100 elementor-top-column elementor-element elementor-element-870d590\" data-id=\"870d590\" data-element_type=\"column\">\n\t\t\t<div class=\"elementor-widget-wrap elementor-element-populated\">\n\t\t\t\t\t\t\t\t<div class=\"elementor-element elementor-element-e8f23fc elementor-widget elementor-widget-heading\" data-id=\"e8f23fc\" data-element_type=\"widget\" data-widget_type=\"heading.default\">\n\t\t\t\t<div class=\"elementor-widget-container\">\n\t\t\t<style>\/*! elementor - v3.6.6 - 08-06-2022 *\/\n.elementor-heading-title{padding:0;margin:0;line-height:1}.elementor-widget-heading .elementor-heading-title[class*=elementor-size-]>a{color:inherit;font-size:inherit;line-height:inherit}.elementor-widget-heading .elementor-heading-title.elementor-size-small{font-size:15px}.elementor-widget-heading .elementor-heading-title.elementor-size-medium{font-size:19px}.elementor-widget-heading .elementor-heading-title.elementor-size-large{font-size:29px}.elementor-widget-heading .elementor-heading-title.elementor-size-xl{font-size:39px}.elementor-widget-heading .elementor-heading-title.elementor-size-xxl{font-size:59px}<\/style><h2 class=\"elementor-heading-title elementor-size-default\">LE CABINET<\/h2>\t\t<\/div>\n\t\t\t\t<\/div>\n\t\t\t\t\t<\/div>\n\t\t<\/div>\n\t\t\t\t\t\t\t<\/div>\n\t\t<\/section>\n\t\t\t\t<section class=\"elementor-section elementor-top-section elementor-element elementor-element-7636542 elementor-section-boxed elementor-section-height-default elementor-section-height-default\" data-id=\"7636542\" data-element_type=\"section\">\n\t\t\t\t\t\t<div class=\"elementor-container elementor-column-gap-default\">\n\t\t\t\t\t<div class=\"elementor-column elementor-col-100 elementor-top-column elementor-element elementor-element-db4d399\" data-id=\"db4d399\" data-element_type=\"column\">\n\t\t\t<div class=\"elementor-widget-wrap elementor-element-populated\">\n\t\t\t\t\t\t\t\t<div class=\"elementor-element elementor-element-a340f05 elementor-widget elementor-widget-heading\" data-id=\"a340f05\" data-element_type=\"widget\" data-widget_type=\"heading.default\">\n\t\t\t\t<div class=\"elementor-widget-container\">\n\t\t\t<h2 class=\"elementor-heading-title elementor-size-default\">Le Cabinet de Chirurgie Esth\u00e9tique<\/h2>\t\t<\/div>\n\t\t\t\t<\/div>\n\t\t\t\t<div class=\"elementor-element elementor-element-5b64e5d elementor-widget elementor-widget-text-editor\" data-id=\"5b64e5d\" data-element_type=\"widget\" data-widget_type=\"text-editor.default\">\n\t\t\t\t<div class=\"elementor-widget-container\">\n\t\t\t<style>\/*! elementor - v3.6.6 - 08-06-2022 *\/\n.elementor-widget-text-editor.elementor-drop-cap-view-stacked .elementor-drop-cap{background-color:#818a91;color:#fff}.elementor-widget-text-editor.elementor-drop-cap-view-framed .elementor-drop-cap{color:#818a91;border:3px solid;background-color:transparent}.elementor-widget-text-editor:not(.elementor-drop-cap-view-default) .elementor-drop-cap{margin-top:8px}.elementor-widget-text-editor:not(.elementor-drop-cap-view-default) .elementor-drop-cap-letter{width:1em;height:1em}.elementor-widget-text-editor .elementor-drop-cap{float:left;text-align:center;line-height:1;font-size:50px}.elementor-widget-text-editor .elementor-drop-cap-letter{display:inline-block}<\/style>\t\t\t\t<div class=\"wpb_text_column wpb_content_element \"><div class=\"wpb_wrapper\"><div class=\"wpb_text_column wpb_content_element \"><div class=\"wpb_wrapper\"><div class=\"vc_row wpb_row vc_inner vc_row-fluid\"><div class=\"wpb_column vc_column_container vc_col-sm-6\"><div class=\"vc_column-inner\"><div class=\"wpb_wrapper\"><div class=\"wpb_text_column wpb_content_element \"><div class=\"wpb_wrapper\"><p>Le Docteur Durlacher exerce son activit\u00e9 lib\u00e9rale de <span style=\"color: #86a2be;\"><a style=\"color: #86a2be;\" href=\"https:\/\/chirurgie-esthetique-nice.eu\/index.php\/choisir-son-chirurgien-esthetique\/\"><strong>Chirurgie Esth\u00e9tique<\/strong><\/a><\/span> au sein de l\u2019<em><strong><span style=\"color: #86a2be;\">Institut Arnault Tzanck<\/span><\/strong><\/em>.<br \/>Il a fait le choix depuis plus de 20 ans, de <strong>consulter et d\u2019op\u00e9rer au sein de la m\u00eame structure<\/strong>, afin de disposer d\u2019une totale disponibilit\u00e9 pour ses patients.<\/p><p>Le cabinet de <strong>consultation du <span style=\"color: #86a2be;\"><a style=\"color: #86a2be;\" href=\"https:\/\/chirurgie-esthetique-nice.eu\/index.php\/dr-didier-durlacher\/\">Dr Durlacher<\/a><\/span><\/strong> se trouve au Centre de Consultations, \u00e0 proximit\u00e9 imm\u00e9diate du B\u00e2timent d\u2019Hospitalisation traditionnelle (centre m\u00e9dico-chirurgical\u00a0: CMC I) et du B\u00e2timent d\u2019Hospitalisation ambulatoire (CMC II).<\/p><\/div><\/div><\/div><\/div><\/div><\/div><div class=\"wpb_text_column wpb_content_element vc_custom_1504197933857\"><div class=\"wpb_wrapper\"><p><strong>Au cabinet se trouvent\u00a0:<\/strong><\/p><ul><li>le secr\u00e9tariat du Dr Durlacher<\/li><\/ul><ul><li>la salle d\u2019attente,<\/li><\/ul><ul><li>le bureau de consultation (o\u00f9 le Dr Durlacher re\u00e7oit dans le respect des imp\u00e9ratifs de confidentialit\u00e9)<\/li><\/ul><ul><li>la salle de soins propice aux examens cliniques et compl\u00e9mentaires (photographies), aux soins post-op\u00e9ratoires, et \u00e0 la pratique des actes de m\u00e9decine esth\u00e9tique<\/li><\/ul><\/div><\/div><div class=\"vc_separator wpb_content_element vc_separator_align_center vc_sep_width_100 vc_sep_dashed vc_sep_pos_align_center vc_separator_no_text\"><div class=\"vc_empty_space\">\u00a0<\/div><div class=\"wpb_text_column wpb_content_element \"><div class=\"wpb_wrapper\"><p><b><i>C\u2019est un lieu empreint de sobri\u00e9t\u00e9.<\/i><\/b><\/p><p><b><i>Vous ne trouverez pas ici de grands volumes par\u00e9s d\u2019\u0153uvres d\u2019art.<\/i><\/b><\/p><p><b><i>Vous \u00eates au Centre de Consultations de l\u2019Institut Arnault Tzanck, o\u00f9 se c\u00f4toient les cabinets des diverses sp\u00e9cialit\u00e9s, et o\u00f9 seule r\u00e8gne, dans la plus grande confraternit\u00e9, la volont\u00e9 de mettre la M\u00e9decine au service des patients.<\/i><\/b><\/p><\/div><\/div><div class=\"vc_separator wpb_content_element vc_separator_align_center vc_sep_width_100 vc_sep_dashed vc_sep_pos_align_center vc_separator_no_text\"><aside class=\"col-sm-4 col-md-4 sidebar\"><div class=\"no_animation sidebar-widget animated\">\u00a0<\/div><\/aside><\/div><\/div><\/div><\/div><div class=\"vc_separator wpb_content_element vc_separator_align_center vc_sep_width_100 vc_sep_dashed vc_sep_pos_align_center vc_separator_no_text\"><div class=\"vc_separator wpb_content_element vc_separator_align_center vc_sep_width_100 vc_sep_dashed vc_sep_pos_align_center vc_separator_no_text\"><div class=\"wpb_text_column wpb_content_element \"><div class=\"wpb_wrapper\">\u00a0<\/div><\/div><\/div><\/div><\/div><\/div>\t\t\t\t\t\t<\/div>\n\t\t\t\t<\/div>\n\t\t\t\t\t<\/div>\n\t\t<\/div>\n\t\t\t\t\t\t\t<\/div>\n\t\t<\/section>\n\t\t\t\t<section class=\"elementor-section elementor-top-section elementor-element elementor-element-26f35c7 elementor-section-boxed elementor-section-height-default elementor-section-height-default\" data-id=\"26f35c7\" data-element_type=\"section\">\n\t\t\t\t\t\t<div class=\"elementor-container elementor-column-gap-default\">\n\t\t\t\t\t<div class=\"elementor-column elementor-col-100 elementor-top-column elementor-element elementor-element-15be364\" data-id=\"15be364\" data-element_type=\"column\">\n\t\t\t<div class=\"elementor-widget-wrap elementor-element-populated\">\n\t\t\t\t\t\t\t\t<div class=\"elementor-element elementor-element-31b28e3 elementor-skin-carousel elementor-arrows-yes elementor-pagination-type-bullets elementor-pagination-position-outside elementor-widget elementor-widget-media-carousel\" data-id=\"31b28e3\" data-element_type=\"widget\" data-settings=\"{&quot;skin&quot;:&quot;carousel&quot;,&quot;effect&quot;:&quot;slide&quot;,&quot;show_arrows&quot;:&quot;yes&quot;,&quot;pagination&quot;:&quot;bullets&quot;,&quot;speed&quot;:500,&quot;autoplay&quot;:&quot;yes&quot;,&quot;autoplay_speed&quot;:5000,&quot;loop&quot;:&quot;yes&quot;,&quot;pause_on_hover&quot;:&quot;yes&quot;,&quot;pause_on_interaction&quot;:&quot;yes&quot;,&quot;space_between&quot;:{&quot;unit&quot;:&quot;px&quot;,&quot;size&quot;:10,&quot;sizes&quot;:[]},&quot;space_between_tablet&quot;:{&quot;unit&quot;:&quot;px&quot;,&quot;size&quot;:10,&quot;sizes&quot;:[]},&quot;space_between_mobile&quot;:{&quot;unit&quot;:&quot;px&quot;,&quot;size&quot;:10,&quot;sizes&quot;:[]}}\" data-widget_type=\"media-carousel.default\">\n\t\t\t\t<div class=\"elementor-widget-container\">\n\t\t\t\t\t<div class=\"elementor-swiper\">\n\t\t\t<div class=\"elementor-main-swiper swiper-container\">\n\t\t\t\t<div class=\"swiper-wrapper\">\n\t\t\t\t\t\t\t\t\t\t\t<div class=\"swiper-slide\">\n\t\t\t\t\t\t\t\t\t<div class=\"elementor-carousel-image\" style=\"background-image: url(https:\/\/chirurgie-esthetique-nice.eu\/wp-content\/uploads\/2022\/06\/DSC_0001-1-scaled.jpg)\">\n\t\t\t\t\t<\/div>\n\t\t\t\t\t\t\t\t<\/div>\n\t\t\t\t\t\t\t\t\t\t\t<div class=\"swiper-slide\">\n\t\t\t\t\t\t\t\t\t<div class=\"elementor-carousel-image\" style=\"background-image: url(https:\/\/chirurgie-esthetique-nice.eu\/wp-content\/uploads\/2022\/06\/cabinet-dr-durlacher-chirurgien-esthetique-1.jpg)\">\n\t\t\t\t\t<\/div>\n\t\t\t\t\t\t\t\t<\/div>\n\t\t\t\t\t\t\t\t\t\t\t<div class=\"swiper-slide\">\n\t\t\t\t\t\t\t\t\t<div class=\"elementor-carousel-image\" style=\"background-image: url(https:\/\/chirurgie-esthetique-nice.eu\/wp-content\/uploads\/2022\/06\/DSC_0018-1-scaled.jpg)\">\n\t\t\t\t\t<\/div>\n\t\t\t\t\t\t\t\t<\/div>\n\t\t\t\t\t\t\t\t\t\t\t<div class=\"swiper-slide\">\n\t\t\t\t\t\t\t\t\t<div class=\"elementor-carousel-image\" style=\"background-image: url(https:\/\/chirurgie-esthetique-nice.eu\/wp-content\/uploads\/2022\/06\/DSC_0007-scaled.jpg)\">\n\t\t\t\t\t<\/div>\n\t\t\t\t\t\t\t\t<\/div>\n\t\t\t\t\t\t\t\t\t<\/div>\n\t\t\t\t\t\t\t\t\t\t\t\t\t\t\t<div class=\"swiper-pagination\"><\/div>\n\t\t\t\t\t\t\t\t\t\t\t\t\t\t\t\t<div class=\"elementor-swiper-button elementor-swiper-button-prev\">\n\t\t\t\t\t\t\t<i class=\"eicon-chevron-left\" aria-hidden=\"true\"><\/i>\n\t\t\t\t\t\t\t<span class=\"elementor-screen-only\">Previous<\/span>\n\t\t\t\t\t\t<\/div>\n\t\t\t\t\t\t<div class=\"elementor-swiper-button elementor-swiper-button-next\">\n\t\t\t\t\t\t\t<i class=\"eicon-chevron-right\" aria-hidden=\"true\"><\/i>\n\t\t\t\t\t\t\t<span class=\"elementor-screen-only\">Next<\/span>\n\t\t\t\t\t\t<\/div>\n\t\t\t\t\t\t\t\t\t\t\t\t<\/div>\n\t\t<\/div>\n\t\t\t\t<\/div>\n\t\t\t\t<\/div>\n\t\t\t\t\t<\/div>\n\t\t<\/div>\n\t\t\t\t\t\t\t<\/div>\n\t\t<\/section>\n\t\t\t\t\t\t\t<\/div>\n\t\t","protected":false},"excerpt":{"rendered":"<p>LE CABINET Le Cabinet de Chirurgie Esth\u00e9tique Le Docteur Durlacher exerce son activit\u00e9 lib\u00e9rale de Chirurgie Esth\u00e9tique au sein de l\u2019Institut Arnault Tzanck.Il a fait le choix depuis plus de 20 ans, de consulter et d\u2019op\u00e9rer au sein de la m\u00eame structure, afin de disposer d\u2019une totale disponibilit\u00e9 pour ses patients. Le cabinet de consultation [&hellip;]<\/p>\n","protected":false},"author":1,"featured_media":0,"parent":0,"menu_order":0,"comment_status":"closed","ping_status":"closed","template":"elementor_header_footer","meta":{"footnotes":""},"class_list":["post-216","page","type-page","status-publish","hentry"],"_links":{"self":[{"href":"https:\/\/chirurgie-esthetique-nice.eu\/index.php\/wp-json\/wp\/v2\/pages\/216","targetHints":{"allow":["GET"]}}],"collection":[{"href":"https:\/\/chirurgie-esthetique-nice.eu\/index.php\/wp-json\/wp\/v2\/pages"}],"about":[{"href":"https:\/\/chirurgie-esthetique-nice.eu\/index.php\/wp-json\/wp\/v2\/types\/page"}],"author":[{"embeddable":true,"href":"https:\/\/chirurgie-esthetique-nice.eu\/index.php\/wp-json\/wp\/v2\/users\/1"}],"replies":[{"embeddable":true,"href":"https:\/\/chirurgie-esthetique-nice.eu\/index.php\/wp-json\/wp\/v2\/comments?post=216"}],"version-history":[{"count":13,"href":"https:\/\/chirurgie-esthetique-nice.eu\/index.php\/wp-json\/wp\/v2\/pages\/216\/revisions"}],"predecessor-version":[{"id":595,"href":"https:\/\/chirurgie-esthetique-nice.eu\/index.php\/wp-json\/wp\/v2\/pages\/216\/revisions\/595"}],"wp:attachment":[{"href":"https:\/\/chirurgie-esthetique-nice.eu\/index.php\/wp-json\/wp\/v2\/media?parent=216"}],"curies":[{"name":"wp","href":"https:\/\/api.w.org\/{rel}","templated":true}]}}