{"id":243,"date":"2022-06-14T14:33:15","date_gmt":"2022-06-14T14:33:15","guid":{"rendered":"https:\/\/toty.fr\/durlacher\/?page_id=243"},"modified":"2022-06-16T09:17:49","modified_gmt":"2022-06-16T09:17:49","slug":"choisir-son-chirurgien-esthetique","status":"publish","type":"page","link":"https:\/\/chirurgie-esthetique-nice.eu\/index.php\/choisir-son-chirurgien-esthetique\/","title":{"rendered":"Choisir son chirurgien esth\u00e9tique"},"content":{"rendered":"\t\t<div data-elementor-type=\"wp-page\" data-elementor-id=\"243\" class=\"elementor elementor-243\">\n\t\t\t\t\t\t\t\t\t<section class=\"elementor-section elementor-top-section elementor-element elementor-element-f2a6299 elementor-section-boxed elementor-section-height-default elementor-section-height-default\" data-id=\"f2a6299\" data-element_type=\"section\" data-settings=\"{&quot;background_background&quot;:&quot;classic&quot;}\">\n\t\t\t\t\t\t\t<div class=\"elementor-background-overlay\"><\/div>\n\t\t\t\t\t\t\t<div class=\"elementor-container elementor-column-gap-default\">\n\t\t\t\t\t<div class=\"elementor-column elementor-col-100 elementor-top-column elementor-element elementor-element-870d590\" data-id=\"870d590\" data-element_type=\"column\">\n\t\t\t<div class=\"elementor-widget-wrap elementor-element-populated\">\n\t\t\t\t\t\t\t\t<div class=\"elementor-element elementor-element-e8f23fc elementor-widget elementor-widget-heading\" data-id=\"e8f23fc\" data-element_type=\"widget\" data-widget_type=\"heading.default\">\n\t\t\t\t<div class=\"elementor-widget-container\">\n\t\t\t<style>\/*! elementor - v3.6.6 - 08-06-2022 *\/\n.elementor-heading-title{padding:0;margin:0;line-height:1}.elementor-widget-heading .elementor-heading-title[class*=elementor-size-]>a{color:inherit;font-size:inherit;line-height:inherit}.elementor-widget-heading .elementor-heading-title.elementor-size-small{font-size:15px}.elementor-widget-heading .elementor-heading-title.elementor-size-medium{font-size:19px}.elementor-widget-heading .elementor-heading-title.elementor-size-large{font-size:29px}.elementor-widget-heading .elementor-heading-title.elementor-size-xl{font-size:39px}.elementor-widget-heading .elementor-heading-title.elementor-size-xxl{font-size:59px}<\/style><h2 class=\"elementor-heading-title elementor-size-default\">CHOISIR SON CHIRURGIEN ESTH\u00c9TIQUE<\/h2>\t\t<\/div>\n\t\t\t\t<\/div>\n\t\t\t\t\t<\/div>\n\t\t<\/div>\n\t\t\t\t\t\t\t<\/div>\n\t\t<\/section>\n\t\t\t\t<section class=\"elementor-section elementor-top-section elementor-element elementor-element-7636542 elementor-section-boxed elementor-section-height-default elementor-section-height-default\" data-id=\"7636542\" data-element_type=\"section\">\n\t\t\t\t\t\t<div class=\"elementor-container elementor-column-gap-default\">\n\t\t\t\t\t<div class=\"elementor-column elementor-col-100 elementor-top-column elementor-element elementor-element-db4d399\" data-id=\"db4d399\" data-element_type=\"column\">\n\t\t\t<div class=\"elementor-widget-wrap elementor-element-populated\">\n\t\t\t\t\t\t\t\t<div class=\"elementor-element elementor-element-a340f05 elementor-widget elementor-widget-heading\" data-id=\"a340f05\" data-element_type=\"widget\" data-widget_type=\"heading.default\">\n\t\t\t\t<div class=\"elementor-widget-container\">\n\t\t\t<h2 class=\"elementor-heading-title elementor-size-default\">Choisir son chirurgien esth\u00e9tique<\/h2>\t\t<\/div>\n\t\t\t\t<\/div>\n\t\t\t\t<div class=\"elementor-element elementor-element-5b64e5d elementor-widget elementor-widget-text-editor\" data-id=\"5b64e5d\" data-element_type=\"widget\" data-widget_type=\"text-editor.default\">\n\t\t\t\t<div class=\"elementor-widget-container\">\n\t\t\t<style>\/*! elementor - v3.6.6 - 08-06-2022 *\/\n.elementor-widget-text-editor.elementor-drop-cap-view-stacked .elementor-drop-cap{background-color:#818a91;color:#fff}.elementor-widget-text-editor.elementor-drop-cap-view-framed .elementor-drop-cap{color:#818a91;border:3px solid;background-color:transparent}.elementor-widget-text-editor:not(.elementor-drop-cap-view-default) .elementor-drop-cap{margin-top:8px}.elementor-widget-text-editor:not(.elementor-drop-cap-view-default) .elementor-drop-cap-letter{width:1em;height:1em}.elementor-widget-text-editor .elementor-drop-cap{float:left;text-align:center;line-height:1;font-size:50px}.elementor-widget-text-editor .elementor-drop-cap-letter{display:inline-block}<\/style>\t\t\t\t<div class=\"wpb_text_column wpb_content_element \"><div class=\"wpb_wrapper\"><div class=\"wpb_text_column wpb_content_element \"><div class=\"wpb_wrapper\"><div class=\"vc_row wpb_row vc_inner vc_row-fluid\"><div class=\"wpb_column vc_column_container vc_col-sm-6\"><div class=\"vc_column-inner\"><div class=\"wpb_wrapper\"><div class=\"wpb_text_column wpb_content_element \"><div class=\"wpb_wrapper\"><div class=\"wpb_text_column wpb_content_element \"><div class=\"wpb_wrapper\"><div class=\"wpb_column vc_column_container vc_col-sm-6\"><div class=\"vc_column-inner\"><div class=\"wpb_wrapper\"><div class=\"wpb_text_column wpb_content_element \"><div class=\"wpb_wrapper\"><div class=\"persobg\"><p>Vous souhaitez avoir recours \u00e0 une<span style=\"color: #86a2be;\"><strong> intervention de chirurgie esth\u00e9tique<\/strong> <\/span>ou de <strong>m\u00e9decine esth\u00e9tique<\/strong>. Il vous faut consulter un sp\u00e9cialiste.<\/p><p>M\u00eame si de nombreux m\u00e9decins proposent leurs comp\u00e9tences<b>, la seule qualification officielle est la Chirurgie Plastique, Reconstructrice et Esth\u00e9tique<\/b>.<\/p><p>En France, il y a environ 1000 chirurgiens qualifi\u00e9s en <strong>Chirurgie Esth\u00e9tique<\/strong>, tous r\u00e9pertori\u00e9s par le Conseil de l\u2019Ordre des M\u00e9decins.<\/p><\/div><\/div><\/div><\/div><\/div><\/div><div class=\"wpb_column vc_column_container vc_col-sm-6\"><div class=\"vc_column-inner\"><div class=\"wpb_wrapper\"><div class=\"wpb_single_image wpb_content_element vc_align_center\"><figure class=\"wpb_wrapper vc_figure\"><div class=\"vc_separator wpb_content_element vc_separator_align_center vc_sep_width_100 vc_sep_dashed vc_sep_pos_align_center vc_separator_no_text\"><div class=\"wpb_text_column wpb_content_element \"><div class=\"wpb_wrapper\"><div class=\"persobg\"><ul><li><span style=\"color: #86a2be;\"><a class=\"vc_single_image-wrapper vc_box_outline vc_box_border_grey prettyphoto\" style=\"color: #86a2be;\" href=\"https:\/\/web.archive.org\/web\/20201230145001\/https:\/\/chirurgie-esthetique-nice.eu\/wp-content\/uploads\/2017\/03\/choisir-son-chirurgien-esthetique-1.jpg\" target=\"_self\" data-rel=\"prettyPhoto[rel-1086-911582370]\">Vous pouvez donc vous renseigner aupr\u00e8s du\u00a0<\/a><a style=\"color: #86a2be;\" href=\"https:\/\/web.archive.org\/web\/20201230145001\/https:\/\/www.conseil-national.medecin.fr\/\" target=\"_blank\" rel=\"noopener noreferrer\"><strong>Conseil de l\u2019Ordre<\/strong><\/a><\/span>\u00a0\u00a0de votre r\u00e9gion.<\/li><li>Vous pouvez \u00e9galement demander conseil \u00e0 votre\u00a0<b>m\u00e9decin traitant<\/b>, qui sera susceptible de vous donner plusieurs noms.<\/li><li>Le\u00a0<b>\u00abbouche \u00e0 oreille\u00bb<\/b>\u00a0peut \u00eatre de bon conseil (parents ou amis satisfaits) mais soyez prudent avec les avis pris \u00e7a et l\u00e0, en particulier sur les\u00a0<strong>forums de discussion<\/strong>\u00a0internet.<\/li><li>La visite du\u00a0<b>site internet<\/b>\u00a0d\u2019un chirurgien vous donnera quelques premi\u00e8res informations sur le\u00a0<b>chirurgien<\/b>, son\u00a0<b>\u00e9quipe<\/b>\u00a0et son\u00a0<b>cabinet<\/b>.<\/li><\/ul><\/div><\/div><\/div><div class=\"vc_separator wpb_content_element vc_separator_align_center vc_sep_width_100 vc_sep_dashed vc_sep_pos_align_center vc_separator_no_text\"><div class=\"wpb_text_column wpb_content_element \"><div class=\"wpb_wrapper\"><div class=\"persobg\"><p>Le site doit \u00e9galement vous renseigner sur la\u00a0<strong>clinique-partenaire du chirurgien<\/strong>, qui reste un point-cl\u00e9 g\u00e9n\u00e9ralement peu \u00e9voqu\u00e9, mais dont l\u2019\u00e9thique, la r\u00e9putation et les \u00e9quipements sont r\u00e9v\u00e9lateurs des exigences du chirurgien.<\/p><\/div><div class=\"persobg\">A l\u2019inverse, la r\u00e9putation d\u2019une clinique ne peut \u00eatre mise en p\u00e9ril par un de ses intervenants.<\/div><div class=\"persobg\">C\u2019est ainsi que l\u2019<span style=\"color: #86a2be;\"><a style=\"color: #86a2be;\" href=\"https:\/\/chirurgie-esthetique-nice.eu\/index.php\/la-clinique-arnault-tzanck\/\" target=\"_blank\" rel=\"noopener noreferrer\"><strong><em>Institut Arnault TZANCK<\/em><\/strong><\/a><\/span>, Clinique \u00e0 but non lucratif et acteur majeur de la sant\u00e9 dans la region PACA, s\u2019\u00e9tait toujours refus\u00e9 \u00e0 proposer une offre de Chirurgie Esth\u00e9tique et r\u00e9paratrice. En 1996, la rencontre avec le Docteur DURLACHER a conduit la Direction \u00e0 l\u2019inviter \u00e0 mettre ses comp\u00e9tences et sa conscience professionnelle au service de l\u2019<span style=\"color: #86a2be;\"><em><strong>Institut Arnault TZANCK<\/strong><\/em><\/span> en y cr\u00e9ant un D\u00e9partemement de Chirurgie Plastique Reconstructrice et Esth\u00e9tique<\/div><div class=\"persobg\"><p>Le <span style=\"color: #86a2be;\"><a style=\"color: #86a2be;\" href=\"https:\/\/chirurgie-esthetique-nice.eu\/index.php\/dr-didier-durlacher\/\"><strong>Docteur DURLACHER<\/strong><\/a> <\/span>est donc arriv\u00e9 dans la r\u00e9gion, l\u2019<span style=\"color: #86a2be;\"><em><strong>Institut Arnault TZANCK <\/strong><\/em><\/span>devenant sa clinique-partenaire \u00e0 double titre: cabinet au centre de consultation, et plateau technique au centre m\u00e9dicochirurgical ( avec tous les avantages de cette proximit\u00e9 imm\u00e9diate pour le suivi constant des patients )<\/p><\/div><\/div><\/div><\/div><\/div><\/figure><\/div><\/div><\/div><\/div><\/div><\/div><div class=\"vc_separator wpb_content_element vc_separator_align_center vc_sep_width_100 vc_sep_dashed vc_sep_pos_align_center vc_separator_no_text\"><div class=\"wpb_text_column wpb_content_element \"><div class=\"wpb_wrapper\">\u00a0<\/div><\/div><\/div><\/div><\/div><\/div><\/div><\/div><\/div><\/div><\/div><\/div><\/div>\t\t\t\t\t\t<\/div>\n\t\t\t\t<\/div>\n\t\t\t\t\t<\/div>\n\t\t<\/div>\n\t\t\t\t\t\t\t<\/div>\n\t\t<\/section>\n\t\t\t\t\t\t\t<\/div>\n\t\t","protected":false},"excerpt":{"rendered":"<p>CHOISIR SON CHIRURGIEN ESTH\u00c9TIQUE Choisir son chirurgien esth\u00e9tique Vous souhaitez avoir recours \u00e0 une intervention de chirurgie esth\u00e9tique ou de m\u00e9decine esth\u00e9tique. Il vous faut consulter un sp\u00e9cialiste. M\u00eame si de nombreux m\u00e9decins proposent leurs comp\u00e9tences, la seule qualification officielle est la Chirurgie Plastique, Reconstructrice et Esth\u00e9tique. En France, il y a environ 1000 chirurgiens [&hellip;]<\/p>\n","protected":false},"author":1,"featured_media":0,"parent":0,"menu_order":0,"comment_status":"closed","ping_status":"closed","template":"elementor_header_footer","meta":{"footnotes":""},"class_list":["post-243","page","type-page","status-publish","hentry"],"_links":{"self":[{"href":"https:\/\/chirurgie-esthetique-nice.eu\/index.php\/wp-json\/wp\/v2\/pages\/243","targetHints":{"allow":["GET"]}}],"collection":[{"href":"https:\/\/chirurgie-esthetique-nice.eu\/index.php\/wp-json\/wp\/v2\/pages"}],"about":[{"href":"https:\/\/chirurgie-esthetique-nice.eu\/index.php\/wp-json\/wp\/v2\/types\/page"}],"author":[{"embeddable":true,"href":"https:\/\/chirurgie-esthetique-nice.eu\/index.php\/wp-json\/wp\/v2\/users\/1"}],"replies":[{"embeddable":true,"href":"https:\/\/chirurgie-esthetique-nice.eu\/index.php\/wp-json\/wp\/v2\/comments?post=243"}],"version-history":[{"count":11,"href":"https:\/\/chirurgie-esthetique-nice.eu\/index.php\/wp-json\/wp\/v2\/pages\/243\/revisions"}],"predecessor-version":[{"id":600,"href":"https:\/\/chirurgie-esthetique-nice.eu\/index.php\/wp-json\/wp\/v2\/pages\/243\/revisions\/600"}],"wp:attachment":[{"href":"https:\/\/chirurgie-esthetique-nice.eu\/index.php\/wp-json\/wp\/v2\/media?parent=243"}],"curies":[{"name":"wp","href":"https:\/\/api.w.org\/{rel}","templated":true}]}}