{"id":3,"date":"2022-06-14T09:12:25","date_gmt":"2022-06-14T09:12:25","guid":{"rendered":"https:\/\/toty.fr\/durlacher\/?page_id=3"},"modified":"2025-03-28T15:02:10","modified_gmt":"2025-03-28T15:02:10","slug":"privacy-policy","status":"publish","type":"page","link":"https:\/\/chirurgie-esthetique-nice.eu\/index.php\/privacy-policy\/","title":{"rendered":"Mentions l\u00e9gales\u00a0"},"content":{"rendered":"\n<h3 class=\"wp-block-heading\"><strong>Propri\u00e9t\u00e9 du site<\/strong><\/h3>\n\n\n\n<h5 class=\"wp-block-heading\"><strong>Docteur Didier Durlacher<\/strong><br>CHIRURGIE PLASTIQUE RECONSTRUCTRICE ET ESTHETIQUE<br>Expert pr\u00e8s les Tribunaux<\/h5>\n\n\n\n<p><strong>Institut Arnault TZANCK<br><\/strong>Avenue du Commandant Cahuzac &nbsp;\u2013&nbsp;06700 St Laurent du Var<\/p>\n\n\n\n<h3 class=\"wp-block-heading\"><strong>Conception du site<\/strong><\/h3>\n\n\n\n<p><br><strong><a href=\"https:\/\/web.archive.org\/web\/20201230145031\/http:\/\/www.themis-medica.com\/\">http:\/\/www.themis-medica.com<\/a>&nbsp;filiale de l\u2019<a href=\"https:\/\/web.archive.org\/web\/20201230145031\/http:\/\/themis-crea.com\/\" target=\"_blank\" rel=\"noreferrer noopener\">agence de communication Themis Cr\u00e9a<\/a><\/strong><a href=\"https:\/\/web.archive.org\/web\/20201230145031\/http:\/\/www.holdup-project.com\/\" target=\"_blank\" rel=\"noreferrer noopener\"><br><\/a>7 Place Ile de Beaut\u00e9 \u2013 06000 NICE<br><a href=\"https:\/\/web.archive.org\/web\/20201230145031\/mailto:info@themis-medica.com\">info@themis-medica.com<\/a><\/p>\n\n\n\n<h3 class=\"wp-block-heading\"><strong>H\u00e9bergement du site<\/strong><\/h3>\n\n\n\n<p><strong>1&amp;1 Internet SARL<\/strong><br>7, place de la Gare \u2013&nbsp;BP 70109 \u2013&nbsp;57201 Sarreguemines Cedex<\/p>\n\n\n\n<h3 class=\"wp-block-heading\"><strong>Donn\u00e9es personnelles<\/strong><\/h3>\n\n\n\n<p>Conform\u00e9ment \u00e0 la loi du 6 janvier 1978, relative \u00e0 l\u2019informatique, aux fichiers et aux libert\u00e9s, vous disposez d\u2019un droit d\u2019acc\u00e8s, de modification, de rectification et de suppression, pour toute information vous concernant en vous adressant \u00e0 notre Service Donn\u00e9es Personnelles.<\/p>\n\n\n\n<h3 class=\"wp-block-heading\"><strong>Droits d\u2019auteur<\/strong><\/h3>\n\n\n\n<h3 class=\"wp-block-heading\"><strong>Conception, d\u00e9veloppement et int\u00e9gration des contenus<\/strong><\/h3>\n\n\n\n<p>Le pr\u00e9sent site a \u00e9t\u00e9 con\u00e7u, d\u00e9velopp\u00e9 et aliment\u00e9 en contenu par :<br><strong>Th\u00e9mis M\u00e9dica \u2013 Agence de communication sp\u00e9cialis\u00e9e dans le secteur m\u00e9dical<\/strong><br>\ud83d\udccd Adresse : [\u00c0 compl\u00e9ter]<br>\ud83d\udce7 E-mail :&nbsp;<a>contact@themis-medica.com<\/a><br>\ud83c\udf10 Site web :&nbsp;<a class=\"\" href=\"https:\/\/agence-communication-medicale.com\/\">https:\/\/agence-communication-medicale.com<\/a><\/p>\n\n\n\n<hr class=\"wp-block-separator has-alpha-channel-opacity\"\/>\n\n\n\n<h3 class=\"wp-block-heading\"><strong>Propri\u00e9t\u00e9 intellectuelle et responsabilit\u00e9 des contenus<\/strong><\/h3>\n\n\n\n<p>L\u2019ensemble des \u00e9l\u00e9ments figurant sur ce site (textes, images, illustrations, vid\u00e9os, documents PDF, etc.) est prot\u00e9g\u00e9 par les dispositions du Code de la Propri\u00e9t\u00e9 Intellectuelle.<\/p>\n\n\n\n<p><strong>Toute reproduction, repr\u00e9sentation, modification, publication, transmission, d\u00e9naturation, totale ou partielle, du site ou de son contenu, par quelque proc\u00e9d\u00e9 que ce soit, sans autorisation pr\u00e9alable \u00e9crite, est interdite.<\/strong><\/p>\n\n\n\n<p>Les images et illustrations publi\u00e9es sur ce site ont \u00e9t\u00e9 int\u00e9gr\u00e9es par l\u2019agence Th\u00e9mis M\u00e9dica, charg\u00e9e de la cr\u00e9ation et de la gestion du contenu \u00e9ditorial.<\/p>\n\n\n\n<blockquote class=\"wp-block-quote is-layout-flow wp-block-quote-is-layout-flow\">\n<p><strong>Le Docteur Didier DURLACHER<\/strong> <strong> d\u00e9cline toute responsabilit\u00e9 quant \u00e0 l\u2019origine des visuels publi\u00e9s sur le site.<\/strong><br><strong>La responsabilit\u00e9 \u00e9ditoriale de l\u2019int\u00e9gration des images et m\u00e9dias incombe \u00e0 l\u2019agence Th\u00e9mis M\u00e9dica, prestataire ind\u00e9pendant.<\/strong><\/p>\n<\/blockquote>\n\n\n\n<p>Pour toute demande de retrait ou de r\u00e9gularisation relative \u00e0 un visuel ou un contenu, merci de contacter directement l\u2019agence :<br>\ud83d\udce7&nbsp;<strong><a>contact@themis-medica.com<\/a><\/strong><\/p>\n","protected":false},"excerpt":{"rendered":"<p>Propri\u00e9t\u00e9 du site Docteur Didier DurlacherCHIRURGIE PLASTIQUE RECONSTRUCTRICE ET ESTHETIQUEExpert pr\u00e8s les Tribunaux Institut Arnault TZANCKAvenue du Commandant Cahuzac &nbsp;\u2013&nbsp;06700 St Laurent du Var Conception du site http:\/\/www.themis-medica.com&nbsp;filiale de l\u2019agence de communication Themis Cr\u00e9a7 Place Ile de Beaut\u00e9 \u2013 06000 NICEinfo@themis-medica.com H\u00e9bergement du site 1&amp;1 Internet SARL7, place de la Gare \u2013&nbsp;BP 70109 \u2013&nbsp;57201 Sarreguemines [&hellip;]<\/p>\n","protected":false},"author":1,"featured_media":0,"parent":0,"menu_order":0,"comment_status":"closed","ping_status":"open","template":"","meta":{"footnotes":""},"class_list":["post-3","page","type-page","status-publish","hentry"],"_links":{"self":[{"href":"https:\/\/chirurgie-esthetique-nice.eu\/index.php\/wp-json\/wp\/v2\/pages\/3","targetHints":{"allow":["GET"]}}],"collection":[{"href":"https:\/\/chirurgie-esthetique-nice.eu\/index.php\/wp-json\/wp\/v2\/pages"}],"about":[{"href":"https:\/\/chirurgie-esthetique-nice.eu\/index.php\/wp-json\/wp\/v2\/types\/page"}],"author":[{"embeddable":true,"href":"https:\/\/chirurgie-esthetique-nice.eu\/index.php\/wp-json\/wp\/v2\/users\/1"}],"replies":[{"embeddable":true,"href":"https:\/\/chirurgie-esthetique-nice.eu\/index.php\/wp-json\/wp\/v2\/comments?post=3"}],"version-history":[{"count":4,"href":"https:\/\/chirurgie-esthetique-nice.eu\/index.php\/wp-json\/wp\/v2\/pages\/3\/revisions"}],"predecessor-version":[{"id":6820,"href":"https:\/\/chirurgie-esthetique-nice.eu\/index.php\/wp-json\/wp\/v2\/pages\/3\/revisions\/6820"}],"wp:attachment":[{"href":"https:\/\/chirurgie-esthetique-nice.eu\/index.php\/wp-json\/wp\/v2\/media?parent=3"}],"curies":[{"name":"wp","href":"https:\/\/api.w.org\/{rel}","templated":true}]}}