{"id":413,"date":"2022-06-15T15:00:18","date_gmt":"2022-06-15T15:00:18","guid":{"rendered":"https:\/\/toty.fr\/durlacher\/?page_id=413"},"modified":"2022-06-15T15:04:46","modified_gmt":"2022-06-15T15:04:46","slug":"hypertrophie-mammaire","status":"publish","type":"page","link":"https:\/\/chirurgie-esthetique-nice.eu\/index.php\/hypertrophie-mammaire\/","title":{"rendered":"Hypertrophie mammaire"},"content":{"rendered":"\t\t<div data-elementor-type=\"wp-page\" data-elementor-id=\"413\" class=\"elementor elementor-413\">\n\t\t\t\t\t\t\t\t\t<section class=\"elementor-section elementor-top-section elementor-element elementor-element-f2a6299 elementor-section-boxed elementor-section-height-default elementor-section-height-default\" data-id=\"f2a6299\" data-element_type=\"section\" data-settings=\"{&quot;background_background&quot;:&quot;classic&quot;}\">\n\t\t\t\t\t\t\t<div class=\"elementor-background-overlay\"><\/div>\n\t\t\t\t\t\t\t<div class=\"elementor-container elementor-column-gap-default\">\n\t\t\t\t\t<div class=\"elementor-column elementor-col-100 elementor-top-column elementor-element elementor-element-870d590\" data-id=\"870d590\" data-element_type=\"column\">\n\t\t\t<div class=\"elementor-widget-wrap elementor-element-populated\">\n\t\t\t\t\t\t\t\t<div class=\"elementor-element elementor-element-e8f23fc elementor-widget elementor-widget-heading\" data-id=\"e8f23fc\" data-element_type=\"widget\" data-widget_type=\"heading.default\">\n\t\t\t\t<div class=\"elementor-widget-container\">\n\t\t\t<style>\/*! elementor - v3.6.6 - 08-06-2022 *\/\n.elementor-heading-title{padding:0;margin:0;line-height:1}.elementor-widget-heading .elementor-heading-title[class*=elementor-size-]>a{color:inherit;font-size:inherit;line-height:inherit}.elementor-widget-heading .elementor-heading-title.elementor-size-small{font-size:15px}.elementor-widget-heading .elementor-heading-title.elementor-size-medium{font-size:19px}.elementor-widget-heading .elementor-heading-title.elementor-size-large{font-size:29px}.elementor-widget-heading .elementor-heading-title.elementor-size-xl{font-size:39px}.elementor-widget-heading .elementor-heading-title.elementor-size-xxl{font-size:59px}<\/style><h2 class=\"elementor-heading-title elementor-size-default\">HYPERTROPHIE MAMMAIRE<\/h2>\t\t<\/div>\n\t\t\t\t<\/div>\n\t\t\t\t\t<\/div>\n\t\t<\/div>\n\t\t\t\t\t\t\t<\/div>\n\t\t<\/section>\n\t\t\t\t<section class=\"elementor-section elementor-top-section elementor-element elementor-element-7636542 elementor-section-boxed elementor-section-height-default elementor-section-height-default\" data-id=\"7636542\" data-element_type=\"section\">\n\t\t\t\t\t\t<div class=\"elementor-container elementor-column-gap-default\">\n\t\t\t\t\t<div class=\"elementor-column elementor-col-100 elementor-top-column elementor-element elementor-element-db4d399\" data-id=\"db4d399\" data-element_type=\"column\">\n\t\t\t<div class=\"elementor-widget-wrap elementor-element-populated\">\n\t\t\t\t\t\t\t\t<div class=\"elementor-element elementor-element-a340f05 elementor-widget elementor-widget-heading\" data-id=\"a340f05\" data-element_type=\"widget\" data-widget_type=\"heading.default\">\n\t\t\t\t<div class=\"elementor-widget-container\">\n\t\t\t<h2 class=\"elementor-heading-title elementor-size-default\">Hypertrophie mammaire<\/h2>\t\t<\/div>\n\t\t\t\t<\/div>\n\t\t\t\t\t<\/div>\n\t\t<\/div>\n\t\t\t\t\t\t\t<\/div>\n\t\t<\/section>\n\t\t\t\t<section class=\"elementor-section elementor-top-section elementor-element elementor-element-86b954b elementor-section-boxed elementor-section-height-default elementor-section-height-default\" data-id=\"86b954b\" data-element_type=\"section\">\n\t\t\t\t\t\t<div class=\"elementor-container elementor-column-gap-default\">\n\t\t\t\t\t<div class=\"elementor-column elementor-col-100 elementor-top-column elementor-element elementor-element-3391649\" data-id=\"3391649\" data-element_type=\"column\">\n\t\t\t<div class=\"elementor-widget-wrap elementor-element-populated\">\n\t\t\t\t\t\t\t\t<div class=\"elementor-element elementor-element-1ee25af elementor-widget elementor-widget-heading\" data-id=\"1ee25af\" data-element_type=\"widget\" data-widget_type=\"heading.default\">\n\t\t\t\t<div class=\"elementor-widget-container\">\n\t\t\t<h2 class=\"elementor-heading-title elementor-size-default\">Principe de l'hypertrophie mammaire<\/h2>\t\t<\/div>\n\t\t\t\t<\/div>\n\t\t\t\t<div class=\"elementor-element elementor-element-5b64e5d elementor-widget elementor-widget-text-editor\" data-id=\"5b64e5d\" data-element_type=\"widget\" data-widget_type=\"text-editor.default\">\n\t\t\t\t<div class=\"elementor-widget-container\">\n\t\t\t<style>\/*! elementor - v3.6.6 - 08-06-2022 *\/\n.elementor-widget-text-editor.elementor-drop-cap-view-stacked .elementor-drop-cap{background-color:#818a91;color:#fff}.elementor-widget-text-editor.elementor-drop-cap-view-framed .elementor-drop-cap{color:#818a91;border:3px solid;background-color:transparent}.elementor-widget-text-editor:not(.elementor-drop-cap-view-default) .elementor-drop-cap{margin-top:8px}.elementor-widget-text-editor:not(.elementor-drop-cap-view-default) .elementor-drop-cap-letter{width:1em;height:1em}.elementor-widget-text-editor .elementor-drop-cap{float:left;text-align:center;line-height:1;font-size:50px}.elementor-widget-text-editor .elementor-drop-cap-letter{display:inline-block}<\/style>\t\t\t\t<div class=\"wpb_text_column wpb_content_element \"><div class=\"wpb_wrapper\"><div class=\"wpb_text_column wpb_content_element \"><div class=\"wpb_wrapper\"><div class=\"vc_row wpb_row vc_inner vc_row-fluid\"><div class=\"wpb_column vc_column_container vc_col-sm-6\"><div class=\"vc_column-inner\"><div class=\"wpb_wrapper\"><div class=\"wpb_text_column wpb_content_element \"><div class=\"wpb_wrapper\"><div class=\"wpb_text_column wpb_content_element \"><div class=\"wpb_wrapper\"><div class=\"wpb_column vc_column_container vc_col-sm-6\"><div class=\"vc_column-inner\"><div class=\"wpb_wrapper\"><div class=\"wpb_text_column wpb_content_element \"><div class=\"wpb_wrapper\"><div class=\"wpb_column vc_column_container vc_col-sm-6\"><div class=\"vc_column-inner\"><div class=\"wpb_wrapper\"><div class=\"wpb_text_column wpb_content_element \"><div class=\"wpb_wrapper\"><p>L\u2019<strong>hypertrophie mammaire<\/strong> (\u00abseins trop volumineux\u00bb) peut \u00eatre \u00e0 l\u2019origine de <strong>complexes et d\u2019inconfort<\/strong>, voire de <strong>douleurs dorsales<\/strong> ou de l<strong>\u00e9sions dermatologiques<\/strong> au niveau des plis (sillons sous mammaires).<\/p><p>Le traitement vise \u00e0 <strong>pratiquer l\u2019ex\u00e9r\u00e8se de la glande exc\u00e9dentaire<\/strong>, \u00e0 <strong>remodeler la glande restante<\/strong> et \u00e0 <strong>redraper la peau au niveau du sein<\/strong> nouvellement reconstruit par une <strong>cicatrice dite \u00ab\u00a0en T invers\u00e9\u00a0\u00bb masqu\u00e9e dans le sillon sous mammaire<\/strong>.<\/p><\/div><\/div><\/div><\/div><\/div><\/div><\/div><\/div><\/div><\/div><\/div><\/div><\/div><\/div><\/div><\/div><\/div><\/div><\/div><\/div><\/div><\/div>\t\t\t\t\t\t<\/div>\n\t\t\t\t<\/div>\n\t\t\t\t<div class=\"elementor-element elementor-element-70405b9 elementor-widget elementor-widget-image\" data-id=\"70405b9\" data-element_type=\"widget\" data-widget_type=\"image.default\">\n\t\t\t\t<div class=\"elementor-widget-container\">\n\t\t\t<style>\/*! elementor - v3.6.6 - 08-06-2022 *\/\n.elementor-widget-image{text-align:center}.elementor-widget-image a{display:inline-block}.elementor-widget-image a img[src$=\".svg\"]{width:48px}.elementor-widget-image img{vertical-align:middle;display:inline-block}<\/style>\t\t\t\t\t\t\t\t\t\t\t\t<img loading=\"lazy\" decoding=\"async\" width=\"580\" height=\"402\" src=\"https:\/\/chirurgie-esthetique-nice.eu\/wp-content\/uploads\/2022\/06\/Hypertrophie-mammaire-768x532.jpg\" class=\"attachment-medium_large size-medium_large\" alt=\"\" srcset=\"https:\/\/chirurgie-esthetique-nice.eu\/wp-content\/uploads\/2022\/06\/Hypertrophie-mammaire-768x532.jpg 768w, https:\/\/chirurgie-esthetique-nice.eu\/wp-content\/uploads\/2022\/06\/Hypertrophie-mammaire-300x208.jpg 300w, https:\/\/chirurgie-esthetique-nice.eu\/wp-content\/uploads\/2022\/06\/Hypertrophie-mammaire-1024x709.jpg 1024w, https:\/\/chirurgie-esthetique-nice.eu\/wp-content\/uploads\/2022\/06\/Hypertrophie-mammaire.jpg 1200w\" sizes=\"auto, (max-width: 580px) 100vw, 580px\" \/>\t\t\t\t\t\t\t\t\t\t\t\t\t\t\t<\/div>\n\t\t\t\t<\/div>\n\t\t\t\t\t<\/div>\n\t\t<\/div>\n\t\t\t\t\t\t\t<\/div>\n\t\t<\/section>\n\t\t\t\t<section class=\"elementor-section elementor-top-section elementor-element elementor-element-d717200 elementor-section-boxed elementor-section-height-default elementor-section-height-default\" data-id=\"d717200\" data-element_type=\"section\" data-settings=\"{&quot;background_background&quot;:&quot;classic&quot;}\">\n\t\t\t\t\t\t<div class=\"elementor-container elementor-column-gap-default\">\n\t\t\t\t\t<div class=\"elementor-column elementor-col-100 elementor-top-column elementor-element elementor-element-e1104cc\" data-id=\"e1104cc\" data-element_type=\"column\" data-settings=\"{&quot;background_background&quot;:&quot;classic&quot;}\">\n\t\t\t<div class=\"elementor-widget-wrap elementor-element-populated\">\n\t\t\t\t\t\t\t\t<div class=\"elementor-element elementor-element-f523bac elementor-widget elementor-widget-text-editor\" data-id=\"f523bac\" data-element_type=\"widget\" data-widget_type=\"text-editor.default\">\n\t\t\t\t<div class=\"elementor-widget-container\">\n\t\t\t\t\t\t\t<p><span style=\"color: #ffffff;\"><strong><span style=\"text-decoration: underline;\">Points cl\u00e9s\u00a0<\/span><\/strong><\/span><\/p><p><span style=\"color: #ffffff;\">&#8211; \u00a0Intervention sous <strong>anesth\u00e9sie g\u00e9n\u00e9rale<\/strong>.<\/span><\/p><p><span style=\"color: #ffffff;\">&#8211; \u00a0Dur\u00e9e\u00a0: 3h<\/span><\/p><p><span style=\"color: #ffffff;\">&#8211; \u00a0Mise en place d\u2019un pansement modelant et d\u2019un soutien gorge \u00e0 garder 3 semaines jour et nuit<\/span><\/p><p><span style=\"color: #ffffff;\">&#8211; \u00a0Hospitalisation\u00a0: 2 \u00e0 3 jours.<\/span><\/p><p><span style=\"color: #ffffff;\">&#8211; \u00a0<strong>Prise en charge partielle possible par la S\u00e9curit\u00e9 Sociale<\/strong>en cas d\u2019ablation de plus de 300 grammes de glande de chaque c\u00f4t\u00e9.<\/span><\/p><p><span style=\"color: #ffffff;\">&#8211; \u00a0Prix\u00a0:\u00a0de 2000 \u20ac \u00e0\u00a0 3500 \u20ac<\/span><\/p>\t\t\t\t\t\t<\/div>\n\t\t\t\t<\/div>\n\t\t\t\t\t<\/div>\n\t\t<\/div>\n\t\t\t\t\t\t\t<\/div>\n\t\t<\/section>\n\t\t\t\t<section class=\"elementor-section elementor-top-section elementor-element elementor-element-3d97d52 elementor-section-boxed elementor-section-height-default elementor-section-height-default\" data-id=\"3d97d52\" data-element_type=\"section\">\n\t\t\t\t\t\t<div class=\"elementor-container elementor-column-gap-default\">\n\t\t\t\t\t<div class=\"elementor-column elementor-col-100 elementor-top-column elementor-element elementor-element-cb04492\" data-id=\"cb04492\" data-element_type=\"column\">\n\t\t\t<div class=\"elementor-widget-wrap elementor-element-populated\">\n\t\t\t\t\t\t\t\t<div class=\"elementor-element elementor-element-e452853 elementor-align-center elementor-widget elementor-widget-button\" data-id=\"e452853\" data-element_type=\"widget\" data-widget_type=\"button.default\">\n\t\t\t\t<div class=\"elementor-widget-container\">\n\t\t\t\t\t<div class=\"elementor-button-wrapper\">\n\t\t\t<a href=\"https:\/\/chirurgie-esthetique-nice.eu\/wp-content\/uploads\/2022\/06\/11.-Chirurgie-de-lhypertrophie-mammaire-ou-plastie-mammaire-de-reduction-pour-hypertrophie-nov-2016-2.pdf\" class=\"elementor-button-link elementor-button elementor-size-sm\" role=\"button\">\n\t\t\t\t\t\t<span class=\"elementor-button-content-wrapper\">\n\t\t\t\t\t\t<span class=\"elementor-button-text\">PLUS D'INFORMATIONS SUR L'HYPERTROPHIE MAMMAIRE<\/span>\n\t\t<\/span>\n\t\t\t\t\t<\/a>\n\t\t<\/div>\n\t\t\t\t<\/div>\n\t\t\t\t<\/div>\n\t\t\t\t\t<\/div>\n\t\t<\/div>\n\t\t\t\t\t\t\t<\/div>\n\t\t<\/section>\n\t\t\t\t\t\t\t<\/div>\n\t\t","protected":false},"excerpt":{"rendered":"<p>HYPERTROPHIE MAMMAIRE Hypertrophie mammaire Principe de l&rsquo;hypertrophie mammaire L\u2019hypertrophie mammaire (\u00abseins trop volumineux\u00bb) peut \u00eatre \u00e0 l\u2019origine de complexes et d\u2019inconfort, voire de douleurs dorsales ou de l\u00e9sions dermatologiques au niveau des plis (sillons sous mammaires). Le traitement vise \u00e0 pratiquer l\u2019ex\u00e9r\u00e8se de la glande exc\u00e9dentaire, \u00e0 remodeler la glande restante et \u00e0 redraper la [&hellip;]<\/p>\n","protected":false},"author":1,"featured_media":0,"parent":0,"menu_order":0,"comment_status":"closed","ping_status":"closed","template":"elementor_header_footer","meta":{"footnotes":""},"class_list":["post-413","page","type-page","status-publish","hentry"],"_links":{"self":[{"href":"https:\/\/chirurgie-esthetique-nice.eu\/index.php\/wp-json\/wp\/v2\/pages\/413","targetHints":{"allow":["GET"]}}],"collection":[{"href":"https:\/\/chirurgie-esthetique-nice.eu\/index.php\/wp-json\/wp\/v2\/pages"}],"about":[{"href":"https:\/\/chirurgie-esthetique-nice.eu\/index.php\/wp-json\/wp\/v2\/types\/page"}],"author":[{"embeddable":true,"href":"https:\/\/chirurgie-esthetique-nice.eu\/index.php\/wp-json\/wp\/v2\/users\/1"}],"replies":[{"embeddable":true,"href":"https:\/\/chirurgie-esthetique-nice.eu\/index.php\/wp-json\/wp\/v2\/comments?post=413"}],"version-history":[{"count":4,"href":"https:\/\/chirurgie-esthetique-nice.eu\/index.php\/wp-json\/wp\/v2\/pages\/413\/revisions"}],"predecessor-version":[{"id":419,"href":"https:\/\/chirurgie-esthetique-nice.eu\/index.php\/wp-json\/wp\/v2\/pages\/413\/revisions\/419"}],"wp:attachment":[{"href":"https:\/\/chirurgie-esthetique-nice.eu\/index.php\/wp-json\/wp\/v2\/media?parent=413"}],"curies":[{"name":"wp","href":"https:\/\/api.w.org\/{rel}","templated":true}]}}