{"id":421,"date":"2022-06-15T15:08:27","date_gmt":"2022-06-15T15:08:27","guid":{"rendered":"https:\/\/toty.fr\/durlacher\/?page_id=421"},"modified":"2022-06-15T15:12:54","modified_gmt":"2022-06-15T15:12:54","slug":"gynecomastie","status":"publish","type":"page","link":"https:\/\/chirurgie-esthetique-nice.eu\/index.php\/gynecomastie\/","title":{"rendered":"Gyn\u00e9comastie"},"content":{"rendered":"\t\t<div data-elementor-type=\"wp-page\" data-elementor-id=\"421\" class=\"elementor elementor-421\" data-elementor-post-type=\"page\">\n\t\t\t\t\t\t<section class=\"elementor-section elementor-top-section elementor-element elementor-element-f2a6299 elementor-section-boxed elementor-section-height-default elementor-section-height-default e-parent\" data-id=\"f2a6299\" data-element_type=\"section\" data-e-type=\"section\" data-settings=\"{&quot;background_background&quot;:&quot;classic&quot;}\">\n\t\t\t\t\t\t\t<div class=\"elementor-background-overlay\"><\/div>\n\t\t\t\t\t\t\t<div class=\"elementor-container elementor-column-gap-default\">\n\t\t\t\t\t<div class=\"elementor-column elementor-col-100 elementor-top-column elementor-element elementor-element-870d590 lakit-col-width-auto-no\" data-id=\"870d590\" data-element_type=\"column\" data-e-type=\"column\">\n\t\t\t<div class=\"elementor-widget-wrap elementor-element-populated\">\n\t\t\t\t\t\t<div class=\"elementor-element elementor-element-e8f23fc elementor-widget elementor-widget-heading\" data-id=\"e8f23fc\" data-element_type=\"widget\" data-e-type=\"widget\" data-widget_type=\"heading.default\">\n\t\t\t\t<div class=\"elementor-widget-container\">\n\t\t\t\t\t<h2 class=\"elementor-heading-title elementor-size-default\">GYN\u00c9COMASTIE<\/h2>\t\t\t\t<\/div>\n\t\t\t\t<\/div>\n\t\t\t\t\t<\/div>\n\t\t<\/div>\n\t\t\t\t\t<\/div>\n\t\t<\/section>\n\t\t\t\t<section class=\"elementor-section elementor-top-section elementor-element elementor-element-7636542 elementor-section-boxed elementor-section-height-default elementor-section-height-default e-parent\" data-id=\"7636542\" data-element_type=\"section\" data-e-type=\"section\">\n\t\t\t\t\t\t<div class=\"elementor-container elementor-column-gap-default\">\n\t\t\t\t\t<div class=\"elementor-column elementor-col-100 elementor-top-column elementor-element elementor-element-db4d399 lakit-col-width-auto-no\" data-id=\"db4d399\" data-element_type=\"column\" data-e-type=\"column\">\n\t\t\t<div class=\"elementor-widget-wrap elementor-element-populated\">\n\t\t\t\t\t\t<div class=\"elementor-element elementor-element-a340f05 elementor-widget elementor-widget-heading\" data-id=\"a340f05\" data-element_type=\"widget\" data-e-type=\"widget\" data-widget_type=\"heading.default\">\n\t\t\t\t<div class=\"elementor-widget-container\">\n\t\t\t\t\t<h2 class=\"elementor-heading-title elementor-size-default\">La gyn\u00e9comastie<\/h2>\t\t\t\t<\/div>\n\t\t\t\t<\/div>\n\t\t\t\t\t<\/div>\n\t\t<\/div>\n\t\t\t\t\t<\/div>\n\t\t<\/section>\n\t\t\t\t<section class=\"elementor-section elementor-top-section elementor-element elementor-element-86b954b elementor-section-boxed elementor-section-height-default elementor-section-height-default e-parent\" data-id=\"86b954b\" data-element_type=\"section\" data-e-type=\"section\">\n\t\t\t\t\t\t<div class=\"elementor-container elementor-column-gap-default\">\n\t\t\t\t\t<div class=\"elementor-column elementor-col-100 elementor-top-column elementor-element elementor-element-3391649 lakit-col-width-auto-no\" data-id=\"3391649\" data-element_type=\"column\" data-e-type=\"column\">\n\t\t\t<div class=\"elementor-widget-wrap elementor-element-populated\">\n\t\t\t\t\t\t<div class=\"elementor-element elementor-element-1ee25af elementor-widget elementor-widget-heading\" data-id=\"1ee25af\" data-element_type=\"widget\" data-e-type=\"widget\" data-widget_type=\"heading.default\">\n\t\t\t\t<div class=\"elementor-widget-container\">\n\t\t\t\t\t<h2 class=\"elementor-heading-title elementor-size-default\">Principe de la gyn\u00e9comastie<\/h2>\t\t\t\t<\/div>\n\t\t\t\t<\/div>\n\t\t\t\t<div class=\"elementor-element elementor-element-5b64e5d elementor-widget elementor-widget-text-editor\" data-id=\"5b64e5d\" data-element_type=\"widget\" data-e-type=\"widget\" data-widget_type=\"text-editor.default\">\n\t\t\t\t<div class=\"elementor-widget-container\">\n\t\t\t\t\t\t\t\t\t<div class=\"wpb_text_column wpb_content_element \"><div class=\"wpb_wrapper\"><div class=\"wpb_text_column wpb_content_element \"><div class=\"wpb_wrapper\"><div class=\"vc_row wpb_row vc_inner vc_row-fluid\"><div class=\"wpb_column vc_column_container vc_col-sm-6\"><div class=\"vc_column-inner\"><div class=\"wpb_wrapper\"><div class=\"wpb_text_column wpb_content_element \"><div class=\"wpb_wrapper\"><div class=\"wpb_text_column wpb_content_element \"><div class=\"wpb_wrapper\"><div class=\"wpb_column vc_column_container vc_col-sm-6\"><div class=\"vc_column-inner\"><div class=\"wpb_wrapper\"><div class=\"wpb_text_column wpb_content_element \"><div class=\"wpb_wrapper\"><div class=\"wpb_column vc_column_container vc_col-sm-6\"><div class=\"vc_column-inner\"><div class=\"wpb_wrapper\"><div class=\"wpb_text_column wpb_content_element \"><div class=\"wpb_wrapper\"><p><strong>La gyn\u00e9comastie<\/strong> est la pr\u00e9sence exc\u00e9dentaire de glande mammaire et\/ou de graisse au niveau de la zone mammaire chez l\u2019homme.<br \/><br \/>Elle peut faire l\u2019objet d\u2019une correction chirurgicale avec <strong>ablation de la glande mammaire par lipoaspiration<\/strong> ou par <strong>ex\u00e9r\u00e8se glandulaire<\/strong> directe puis redrapage et remise en tension de la peau par une incision le plus souvent p\u00e9ri ar\u00e9olaire, c\u2019est-\u00e0-dire autour du mamelon.<\/p><\/div><\/div><\/div><\/div><\/div><\/div><\/div><\/div><\/div><\/div><\/div><\/div><\/div><\/div><\/div><\/div><\/div><\/div><\/div><\/div><\/div><\/div>\t\t\t\t\t\t\t\t<\/div>\n\t\t\t\t<\/div>\n\t\t\t\t<div class=\"elementor-element elementor-element-7e1d153 elementor-widget elementor-widget-image\" data-id=\"7e1d153\" data-element_type=\"widget\" data-e-type=\"widget\" data-widget_type=\"image.default\">\n\t\t\t\t<div class=\"elementor-widget-container\">\n\t\t\t\t\t\t\t\t\t\t\t\t\t\t\t<img decoding=\"async\" src=\"https:\/\/chirurgie-esthetique-nice.eu\/wp-content\/uploads\/2022\/06\/GYNECOMASTIE-.jpg\" title=\"GYNECOMASTIE-\" alt=\"GYNECOMASTIE-\" loading=\"lazy\" \/>\t\t\t\t\t\t\t\t\t\t\t\t\t\t\t<\/div>\n\t\t\t\t<\/div>\n\t\t\t\t\t<\/div>\n\t\t<\/div>\n\t\t\t\t\t<\/div>\n\t\t<\/section>\n\t\t\t\t<section class=\"elementor-section elementor-top-section elementor-element elementor-element-d717200 elementor-section-boxed elementor-section-height-default elementor-section-height-default e-parent\" data-id=\"d717200\" data-element_type=\"section\" data-e-type=\"section\" data-settings=\"{&quot;background_background&quot;:&quot;classic&quot;}\">\n\t\t\t\t\t\t<div class=\"elementor-container elementor-column-gap-default\">\n\t\t\t\t\t<div class=\"elementor-column elementor-col-100 elementor-top-column elementor-element elementor-element-e1104cc lakit-col-width-auto-no\" data-id=\"e1104cc\" data-element_type=\"column\" data-e-type=\"column\" data-settings=\"{&quot;background_background&quot;:&quot;classic&quot;}\">\n\t\t\t<div class=\"elementor-widget-wrap elementor-element-populated\">\n\t\t\t\t\t\t<div class=\"elementor-element elementor-element-f523bac elementor-widget elementor-widget-text-editor\" data-id=\"f523bac\" data-element_type=\"widget\" data-e-type=\"widget\" data-widget_type=\"text-editor.default\">\n\t\t\t\t<div class=\"elementor-widget-container\">\n\t\t\t\t\t\t\t\t\t<div class=\"wpb_text_column wpb_content_element \"><div class=\"wpb_wrapper\"><div class=\"wpb_text_column wpb_content_element \"><div class=\"wpb_wrapper\"><div class=\"vc_row wpb_row vc_inner vc_row-fluid\"><div class=\"wpb_column vc_column_container vc_col-sm-6\"><div class=\"vc_column-inner\"><div class=\"wpb_wrapper\"><div class=\"wpb_text_column wpb_content_element \"><div class=\"wpb_wrapper\"><div class=\"wpb_text_column wpb_content_element \"><div class=\"wpb_wrapper\"><div class=\"wpb_column vc_column_container vc_col-sm-6\"><div class=\"vc_column-inner\"><div class=\"wpb_wrapper\"><div class=\"wpb_text_column wpb_content_element \"><div class=\"wpb_wrapper\"><p><span style=\"color: #ffffff;\"><span style=\"text-decoration: underline;\"><strong>Points cl\u00e9s<\/strong><\/span><\/span><\/p><p><span style=\"color: #ffffff;\">&#8211; Intervention sous <strong>anesth\u00e9sie g\u00e9n\u00e9rale<\/strong>.<\/span><\/p><p><span style=\"color: #ffffff;\">&#8211; Dur\u00e9e\u00a0: 2 h.<\/span><\/p><p><span style=\"color: #ffffff;\">&#8211; Mise en place d\u2019un pansement modelant et d\u2019un v\u00eatement de contention de type gilet \u00e0 garder durant 3 semaines jour et nuit.<\/span><\/p><p><span style=\"color: #ffffff;\">&#8211; Hospitalisation\u00a0: un jour (retour \u00e0 domicile le lendemain de l\u2019intervention).<\/span><\/p><p><span style=\"color: #ffffff;\">&#8211; Intervention pouvant b\u00e9n\u00e9ficier d\u2019une <strong>prise en charge partielle par la S\u00e9curit\u00e9 Sociale<\/strong>.<\/span><\/p><p><span style=\"color: #ffffff;\">&#8211; Prix\u00a0: 2500 \u00e0 4000 \u20ac<\/span><\/p><\/div><\/div><\/div><\/div><\/div><\/div><\/div><\/div><\/div><\/div><\/div><\/div><\/div><\/div><\/div><\/div><\/div>\t\t\t\t\t\t\t\t<\/div>\n\t\t\t\t<\/div>\n\t\t\t\t\t<\/div>\n\t\t<\/div>\n\t\t\t\t\t<\/div>\n\t\t<\/section>\n\t\t\t\t<section class=\"elementor-section elementor-top-section elementor-element elementor-element-3d97d52 elementor-section-boxed elementor-section-height-default elementor-section-height-default e-parent\" data-id=\"3d97d52\" data-element_type=\"section\" data-e-type=\"section\">\n\t\t\t\t\t\t<div class=\"elementor-container elementor-column-gap-default\">\n\t\t\t\t\t<div class=\"elementor-column elementor-col-100 elementor-top-column elementor-element elementor-element-cb04492 lakit-col-width-auto-no\" data-id=\"cb04492\" data-element_type=\"column\" data-e-type=\"column\">\n\t\t\t<div class=\"elementor-widget-wrap elementor-element-populated\">\n\t\t\t\t\t\t<div class=\"elementor-element elementor-element-e452853 elementor-align-center elementor-widget elementor-widget-button\" data-id=\"e452853\" data-element_type=\"widget\" data-e-type=\"widget\" data-widget_type=\"button.default\">\n\t\t\t\t<div class=\"elementor-widget-container\">\n\t\t\t\t\t\t\t\t\t<div class=\"elementor-button-wrapper\">\n\t\t\t\t\t<a class=\"elementor-button elementor-button-link elementor-size-sm\" href=\"https:\/\/chirurgie-esthetique-nice.eu\/wp-content\/uploads\/2022\/06\/16.-La-Gynecomastie-nov-2016.pdf\">\n\t\t\t\t\t\t<span class=\"elementor-button-content-wrapper\">\n\t\t\t\t\t\t\t\t\t<span class=\"elementor-button-text\">PLUS D'INFORMATIONS SUR LA GYN\u00c9COMASTIE<\/span>\n\t\t\t\t\t<\/span>\n\t\t\t\t\t<\/a>\n\t\t\t\t<\/div>\n\t\t\t\t\t\t\t\t<\/div>\n\t\t\t\t<\/div>\n\t\t\t\t\t<\/div>\n\t\t<\/div>\n\t\t\t\t\t<\/div>\n\t\t<\/section>\n\t\t\t\t<\/div>\n\t\t","protected":false},"excerpt":{"rendered":"<p>GYN\u00c9COMASTIE La gyn\u00e9comastie Principe de la gyn\u00e9comastie La gyn\u00e9comastie est la pr\u00e9sence exc\u00e9dentaire de glande mammaire et\/ou de graisse au niveau de la zone mammaire chez l\u2019homme. Elle peut faire l\u2019objet d\u2019une correction chirurgicale avec ablation de la glande mammaire par lipoaspiration ou par ex\u00e9r\u00e8se glandulaire directe puis redrapage et remise en tension de la [&hellip;]<\/p>\n","protected":false},"author":1,"featured_media":0,"parent":0,"menu_order":0,"comment_status":"closed","ping_status":"closed","template":"elementor_header_footer","meta":{"footnotes":""},"class_list":["post-421","page","type-page","status-publish","hentry"],"_links":{"self":[{"href":"https:\/\/chirurgie-esthetique-nice.eu\/index.php\/wp-json\/wp\/v2\/pages\/421","targetHints":{"allow":["GET"]}}],"collection":[{"href":"https:\/\/chirurgie-esthetique-nice.eu\/index.php\/wp-json\/wp\/v2\/pages"}],"about":[{"href":"https:\/\/chirurgie-esthetique-nice.eu\/index.php\/wp-json\/wp\/v2\/types\/page"}],"author":[{"embeddable":true,"href":"https:\/\/chirurgie-esthetique-nice.eu\/index.php\/wp-json\/wp\/v2\/users\/1"}],"replies":[{"embeddable":true,"href":"https:\/\/chirurgie-esthetique-nice.eu\/index.php\/wp-json\/wp\/v2\/comments?post=421"}],"version-history":[{"count":4,"href":"https:\/\/chirurgie-esthetique-nice.eu\/index.php\/wp-json\/wp\/v2\/pages\/421\/revisions"}],"predecessor-version":[{"id":427,"href":"https:\/\/chirurgie-esthetique-nice.eu\/index.php\/wp-json\/wp\/v2\/pages\/421\/revisions\/427"}],"wp:attachment":[{"href":"https:\/\/chirurgie-esthetique-nice.eu\/index.php\/wp-json\/wp\/v2\/media?parent=421"}],"curies":[{"name":"wp","href":"https:\/\/api.w.org\/{rel}","templated":true}]}}