{"id":529,"date":"2022-06-15T16:28:37","date_gmt":"2022-06-15T16:28:37","guid":{"rendered":"https:\/\/toty.fr\/durlacher\/?page_id=529"},"modified":"2022-06-15T16:34:36","modified_gmt":"2022-06-15T16:34:36","slug":"actualites","status":"publish","type":"page","link":"https:\/\/chirurgie-esthetique-nice.eu\/index.php\/actualites\/","title":{"rendered":"Actualit\u00e9s"},"content":{"rendered":"\t\t<div data-elementor-type=\"wp-page\" data-elementor-id=\"529\" class=\"elementor elementor-529\">\n\t\t\t\t\t\t\t\t\t<section class=\"elementor-section elementor-top-section elementor-element elementor-element-f2a6299 elementor-section-boxed elementor-section-height-default elementor-section-height-default\" data-id=\"f2a6299\" data-element_type=\"section\" data-settings=\"{&quot;background_background&quot;:&quot;classic&quot;}\">\n\t\t\t\t\t\t\t<div class=\"elementor-background-overlay\"><\/div>\n\t\t\t\t\t\t\t<div class=\"elementor-container elementor-column-gap-default\">\n\t\t\t\t\t<div class=\"elementor-column elementor-col-100 elementor-top-column elementor-element elementor-element-870d590\" data-id=\"870d590\" data-element_type=\"column\">\n\t\t\t<div class=\"elementor-widget-wrap elementor-element-populated\">\n\t\t\t\t\t\t\t\t<div class=\"elementor-element elementor-element-e8f23fc elementor-widget elementor-widget-heading\" data-id=\"e8f23fc\" data-element_type=\"widget\" data-widget_type=\"heading.default\">\n\t\t\t\t<div class=\"elementor-widget-container\">\n\t\t\t<style>\/*! elementor - v3.6.6 - 08-06-2022 *\/\n.elementor-heading-title{padding:0;margin:0;line-height:1}.elementor-widget-heading .elementor-heading-title[class*=elementor-size-]>a{color:inherit;font-size:inherit;line-height:inherit}.elementor-widget-heading .elementor-heading-title.elementor-size-small{font-size:15px}.elementor-widget-heading .elementor-heading-title.elementor-size-medium{font-size:19px}.elementor-widget-heading .elementor-heading-title.elementor-size-large{font-size:29px}.elementor-widget-heading .elementor-heading-title.elementor-size-xl{font-size:39px}.elementor-widget-heading .elementor-heading-title.elementor-size-xxl{font-size:59px}<\/style><h2 class=\"elementor-heading-title elementor-size-default\">ACTUALIT\u00c9S<\/h2>\t\t<\/div>\n\t\t\t\t<\/div>\n\t\t\t\t\t<\/div>\n\t\t<\/div>\n\t\t\t\t\t\t\t<\/div>\n\t\t<\/section>\n\t\t\t\t<section class=\"elementor-section elementor-top-section elementor-element elementor-element-7636542 elementor-section-boxed elementor-section-height-default elementor-section-height-default\" data-id=\"7636542\" data-element_type=\"section\">\n\t\t\t\t\t\t<div class=\"elementor-container elementor-column-gap-default\">\n\t\t\t\t\t<div class=\"elementor-column elementor-col-100 elementor-top-column elementor-element elementor-element-db4d399\" data-id=\"db4d399\" data-element_type=\"column\">\n\t\t\t<div class=\"elementor-widget-wrap elementor-element-populated\">\n\t\t\t\t\t\t\t\t<div class=\"elementor-element elementor-element-bb43259 elementor-grid-eael-col-2 elementor-grid-tablet-eael-col-2 elementor-grid-mobile-eael-col-1 elementor-widget elementor-widget-eael-post-grid\" data-id=\"bb43259\" data-element_type=\"widget\" data-settings=\"{&quot;eael_post_grid_columns&quot;:&quot;eael-col-2&quot;,&quot;eael_post_grid_columns_tablet&quot;:&quot;eael-col-2&quot;,&quot;eael_post_grid_columns_mobile&quot;:&quot;eael-col-1&quot;}\" data-widget_type=\"eael-post-grid.default\">\n\t\t\t\t<div class=\"elementor-widget-container\">\n\t\t\t<div id=\"eael-post-grid-bb43259\" class=\"eael-post-grid-container\">\n            <div class=\"eael-post-grid eael-post-appender eael-post-appender-bb43259 eael-post-grid-style-default\" data-layout-mode=\"masonry\"><article class=\"eael-grid-post eael-post-grid-column\" data-id=\"522\">\n        <div class=\"eael-grid-post-holder\">\n            <div class=\"eael-grid-post-holder-inner\"><div class=\"eael-entry-wrapper\"><header class=\"eael-entry-header\"><h2 class=\"eael-entry-title\"><a\n                        class=\"eael-grid-post-link\"\n                        href=\"https:\/\/chirurgie-esthetique-nice.eu\/index.php\/2022\/06\/15\/miradry\/\"\n                        title=\"Miradry\">Miradry<\/a><\/h2><\/header><div class=\"eael-entry-content\">\n                        <div class=\"eael-grid-post-excerpt\"><p>MIRADRY Mirady 5% de la population souffrirait d\u2019hyperhydrose, c\u2019est \u00e0...<\/p><a\n                            href=\"https:\/\/chirurgie-esthetique-nice.eu\/index.php\/2022\/06\/15\/miradry\/\"\n                            class=\"eael-post-elements-readmore-btn\">EN LIRE +<\/a><\/div>\n                    <\/div><\/div><\/div>\n        <\/div>\n    <\/article><article class=\"eael-grid-post eael-post-grid-column\" data-id=\"513\">\n        <div class=\"eael-grid-post-holder\">\n            <div class=\"eael-grid-post-holder-inner\"><div class=\"eael-entry-wrapper\"><header class=\"eael-entry-header\"><h2 class=\"eael-entry-title\"><a\n                        class=\"eael-grid-post-link\"\n                        href=\"https:\/\/chirurgie-esthetique-nice.eu\/index.php\/2022\/06\/15\/interdiction-des-protheses-mammaires-macrotexturees\/\"\n                        title=\"Interdiction des proth\u00e8ses mammaires macrotextur\u00e9es\">Interdiction des proth\u00e8ses mammaires macrotextur\u00e9es<\/a><\/h2><\/header><div class=\"eael-entry-content\">\n                        <div class=\"eael-grid-post-excerpt\"><p>PROTH\u00c8SES MAMMAIRES MACROTEXTUR\u00c9ES Interdiction des proth\u00e8ses mammaires macrotextur\u00e9es L\u2019ANSM (...<\/p><a\n                            href=\"https:\/\/chirurgie-esthetique-nice.eu\/index.php\/2022\/06\/15\/interdiction-des-protheses-mammaires-macrotexturees\/\"\n                            class=\"eael-post-elements-readmore-btn\">EN LIRE +<\/a><\/div>\n                    <\/div><\/div><\/div>\n        <\/div>\n    <\/article><article class=\"eael-grid-post eael-post-grid-column\" data-id=\"506\">\n        <div class=\"eael-grid-post-holder\">\n            <div class=\"eael-grid-post-holder-inner\"><div class=\"eael-entry-media\"><div class=\"eael-entry-overlay fade-in\"><i class=\"fas fa-long-arrow-alt-right\" aria-hidden=\"true\"><\/i><a href=\"https:\/\/chirurgie-esthetique-nice.eu\/index.php\/2022\/06\/15\/cryolipolyse\/\"><\/a><\/div><div class=\"eael-entry-thumbnail\">\n                <img loading=\"lazy\" decoding=\"async\" width=\"300\" height=\"187\" src=\"https:\/\/chirurgie-esthetique-nice.eu\/wp-content\/uploads\/2022\/06\/La-Cryolipolyse-Pour-affiner-votre-silhouette-805x503-1-300x187.jpg\" class=\"attachment-medium size-medium\" alt=\"\" srcset=\"https:\/\/chirurgie-esthetique-nice.eu\/wp-content\/uploads\/2022\/06\/La-Cryolipolyse-Pour-affiner-votre-silhouette-805x503-1-300x187.jpg 300w, https:\/\/chirurgie-esthetique-nice.eu\/wp-content\/uploads\/2022\/06\/La-Cryolipolyse-Pour-affiner-votre-silhouette-805x503-1-768x480.jpg 768w, https:\/\/chirurgie-esthetique-nice.eu\/wp-content\/uploads\/2022\/06\/La-Cryolipolyse-Pour-affiner-votre-silhouette-805x503-1.jpg 805w\" sizes=\"auto, (max-width: 300px) 100vw, 300px\" \/>\n            <\/div>\n        <\/div><div class=\"eael-entry-wrapper\"><header class=\"eael-entry-header\"><h2 class=\"eael-entry-title\"><a\n                        class=\"eael-grid-post-link\"\n                        href=\"https:\/\/chirurgie-esthetique-nice.eu\/index.php\/2022\/06\/15\/cryolipolyse\/\"\n                        title=\"Cryolipolyse\">Cryolipolyse<\/a><\/h2><\/header><div class=\"eael-entry-content\">\n                        <div class=\"eael-grid-post-excerpt\"><p>CRYOLIPOLYSE La Cryolipolyse Pour affiner votre silhouette &nbsp;Pour affiner votre...<\/p><a\n                            href=\"https:\/\/chirurgie-esthetique-nice.eu\/index.php\/2022\/06\/15\/cryolipolyse\/\"\n                            class=\"eael-post-elements-readmore-btn\">EN LIRE +<\/a><\/div>\n                    <\/div><\/div><\/div>\n        <\/div>\n    <\/article><article class=\"eael-grid-post eael-post-grid-column\" data-id=\"488\">\n        <div class=\"eael-grid-post-holder\">\n            <div class=\"eael-grid-post-holder-inner\"><div class=\"eael-entry-media\"><div class=\"eael-entry-overlay fade-in\"><i class=\"fas fa-long-arrow-alt-right\" aria-hidden=\"true\"><\/i><a href=\"https:\/\/chirurgie-esthetique-nice.eu\/index.php\/2022\/06\/15\/amelioration-des-cicatrices-urgotouch\/\"><\/a><\/div><div class=\"eael-entry-thumbnail\">\n                <img loading=\"lazy\" decoding=\"async\" width=\"300\" height=\"187\" src=\"https:\/\/chirurgie-esthetique-nice.eu\/wp-content\/uploads\/2022\/06\/cicatrices-et-laser-805x503-1-300x187.jpg\" class=\"attachment-medium size-medium\" alt=\"\" srcset=\"https:\/\/chirurgie-esthetique-nice.eu\/wp-content\/uploads\/2022\/06\/cicatrices-et-laser-805x503-1-300x187.jpg 300w, https:\/\/chirurgie-esthetique-nice.eu\/wp-content\/uploads\/2022\/06\/cicatrices-et-laser-805x503-1-768x480.jpg 768w, https:\/\/chirurgie-esthetique-nice.eu\/wp-content\/uploads\/2022\/06\/cicatrices-et-laser-805x503-1.jpg 805w\" sizes=\"auto, (max-width: 300px) 100vw, 300px\" \/>\n            <\/div>\n        <\/div><div class=\"eael-entry-wrapper\"><header class=\"eael-entry-header\"><h2 class=\"eael-entry-title\"><a\n                        class=\"eael-grid-post-link\"\n                        href=\"https:\/\/chirurgie-esthetique-nice.eu\/index.php\/2022\/06\/15\/amelioration-des-cicatrices-urgotouch\/\"\n                        title=\"Am\u00e9lioration des cicatrices URGOTOUCH\">Am\u00e9lioration des cicatrices URGOTOUCH<\/a><\/h2><\/header><div class=\"eael-entry-content\">\n                        <div class=\"eael-grid-post-excerpt\"><p>AM\u00c9LIORATION DES CICATRICES URGOTOUCH \u00a0Vers une disparition des cicatrices\u00a0??? La...<\/p><a\n                            href=\"https:\/\/chirurgie-esthetique-nice.eu\/index.php\/2022\/06\/15\/amelioration-des-cicatrices-urgotouch\/\"\n                            class=\"eael-post-elements-readmore-btn\">EN LIRE +<\/a><\/div>\n                    <\/div><\/div><\/div>\n        <\/div>\n    <\/article><\/div>\n            <div class=\"clearfix\"><\/div>\n        <\/div>\t\t<\/div>\n\t\t\t\t<\/div>\n\t\t\t\t\t<\/div>\n\t\t<\/div>\n\t\t\t\t\t\t\t<\/div>\n\t\t<\/section>\n\t\t\t\t\t\t\t<\/div>\n\t\t","protected":false},"excerpt":{"rendered":"<p>ACTUALIT\u00c9S Miradry MIRADRY Mirady 5% de la population souffrirait d\u2019hyperhydrose, c\u2019est \u00e0&#8230; EN LIRE + Interdiction des proth\u00e8ses mammaires macrotextur\u00e9es PROTH\u00c8SES MAMMAIRES MACROTEXTUR\u00c9ES Interdiction des proth\u00e8ses mammaires macrotextur\u00e9es L\u2019ANSM (&#8230; EN LIRE + Cryolipolyse CRYOLIPOLYSE La Cryolipolyse Pour affiner votre silhouette &nbsp;Pour affiner votre&#8230; EN LIRE + Am\u00e9lioration des cicatrices URGOTOUCH AM\u00c9LIORATION DES CICATRICES URGOTOUCH [&hellip;]<\/p>\n","protected":false},"author":1,"featured_media":0,"parent":0,"menu_order":0,"comment_status":"closed","ping_status":"closed","template":"elementor_header_footer","meta":{"footnotes":""},"class_list":["post-529","page","type-page","status-publish","hentry"],"_links":{"self":[{"href":"https:\/\/chirurgie-esthetique-nice.eu\/index.php\/wp-json\/wp\/v2\/pages\/529","targetHints":{"allow":["GET"]}}],"collection":[{"href":"https:\/\/chirurgie-esthetique-nice.eu\/index.php\/wp-json\/wp\/v2\/pages"}],"about":[{"href":"https:\/\/chirurgie-esthetique-nice.eu\/index.php\/wp-json\/wp\/v2\/types\/page"}],"author":[{"embeddable":true,"href":"https:\/\/chirurgie-esthetique-nice.eu\/index.php\/wp-json\/wp\/v2\/users\/1"}],"replies":[{"embeddable":true,"href":"https:\/\/chirurgie-esthetique-nice.eu\/index.php\/wp-json\/wp\/v2\/comments?post=529"}],"version-history":[{"count":4,"href":"https:\/\/chirurgie-esthetique-nice.eu\/index.php\/wp-json\/wp\/v2\/pages\/529\/revisions"}],"predecessor-version":[{"id":533,"href":"https:\/\/chirurgie-esthetique-nice.eu\/index.php\/wp-json\/wp\/v2\/pages\/529\/revisions\/533"}],"wp:attachment":[{"href":"https:\/\/chirurgie-esthetique-nice.eu\/index.php\/wp-json\/wp\/v2\/media?parent=529"}],"curies":[{"name":"wp","href":"https:\/\/api.w.org\/{rel}","templated":true}]}}